{"id":40,"date":"2024-07-24T21:33:21","date_gmt":"2024-07-24T21:33:21","guid":{"rendered":"https:\/\/vseabogados.cl\/?page_id=40"},"modified":"2025-05-13T17:17:05","modified_gmt":"2025-05-13T17:17:05","slug":"vse-abogados","status":"publish","type":"page","link":"https:\/\/vseabogados.cl\/index.php\/vse-abogados\/","title":{"rendered":"VSE Abogados"},"content":{"rendered":"<h2>Asesor\u00eda Legal Integral<br \/>\nen todo Chile<\/h2>\n<p>Representamos a personas y empresas, nacionales y <br \/>extranjeras, con compromiso y excelencia.<\/p>\n<h2>Proteger tus inter\u00e9ses<br \/>\nes nuestro objetivo<\/h2>\n<p>\t\tSomos un grupo s\u00f3lido de abogados experimentados y con un gran trayectoria en distintas \u00e1reas del derecho, quienes dan servicios a nivel personal y empresarial\t\t<\/p>\n<h2>soluciones pr\u00e1cticas<\/h2>\n<h2>Comprometidos con<br \/>\ntu tranquilidad legal.<\/h2>\n<p>\t\tEn VSE Abogados somos un estudio jur\u00eddico con s\u00f3lida trayectoria en asesor\u00eda legal y representaci\u00f3n judicial, tanto para personas naturales como para empresas, en todo Chile.<br \/>\nDesde nuestros inicios, hemos entendido el ejercicio del Derecho como una vocaci\u00f3n de servicio. Por eso, no solo resolvemos conflictos: construimos soluciones duraderas que protegen tus intereses y potencian tus proyectos.<br \/>\n\t\t\t\t\t\t\t\t\t\t\t\t\t\t\t<img loading=\"lazy\" decoding=\"async\" width=\"570\" height=\"645\" src=\"https:\/\/vseabogados.cl\/wp-content\/uploads\/2025\/05\/Equipo.jpg\" alt=\"\" srcset=\"https:\/\/vseabogados.cl\/wp-content\/uploads\/2025\/05\/Equipo.jpg 570w, https:\/\/vseabogados.cl\/wp-content\/uploads\/2025\/05\/Equipo-265x300.jpg 265w\" sizes=\"auto, (max-width: 570px) 100vw, 570px\" \/>\t\t\t\t\t\t\t\t\t\t\t\t\t\t\t<\/p>\n<h2>Nuestros servicios legales<\/h2>\n<p>Experiencia especializada en diversas ramas del Derecho<\/p>\n<p>\t\t\t\t\t\t\t\t\t\t\t\t\t\t\t<img loading=\"lazy\" decoding=\"async\" width=\"512\" height=\"512\" src=\"https:\/\/vseabogados.cl\/wp-content\/uploads\/2025\/05\/derecho-civil.png\" alt=\"\" srcset=\"https:\/\/vseabogados.cl\/wp-content\/uploads\/2025\/05\/derecho-civil.png 512w, https:\/\/vseabogados.cl\/wp-content\/uploads\/2025\/05\/derecho-civil-300x300.png 300w, https:\/\/vseabogados.cl\/wp-content\/uploads\/2025\/05\/derecho-civil-150x150.png 150w\" sizes=\"auto, (max-width: 512px) 100vw, 512px\" \/>\t\t\t\t\t\t\t\t\t\t\t\t\t\t\t<\/p>\n<h2>Derecho<br \/> Civil<\/h2>\n<p>Resoluci\u00f3n de conflictos, contratos, indemnizaciones <br \/>y m\u00e1s.<\/p>\n<p>\t\t\t\t\t\t\t\t\t\t\t\t\t\t\t<img loading=\"lazy\" decoding=\"async\" width=\"512\" height=\"512\" src=\"https:\/\/vseabogados.cl\/wp-content\/uploads\/2025\/05\/derecho-penal1.png\" alt=\"\" srcset=\"https:\/\/vseabogados.cl\/wp-content\/uploads\/2025\/05\/derecho-penal1.png 512w, https:\/\/vseabogados.cl\/wp-content\/uploads\/2025\/05\/derecho-penal1-300x300.png 300w, https:\/\/vseabogados.cl\/wp-content\/uploads\/2025\/05\/derecho-penal1-150x150.png 150w\" sizes=\"auto, (max-width: 512px) 100vw, 512px\" \/>\t\t\t\t\t\t\t\t\t\t\t\t\t\t\t<\/p>\n<h2>Derecho<br \/> Penal<\/h2>\n<p>Defensa penal en todo tipo de causas judiciales.<\/p>\n<p>\t\t\t\t\t\t\t\t\t\t\t\t\t\t\t<img loading=\"lazy\" decoding=\"async\" width=\"512\" height=\"512\" src=\"https:\/\/vseabogados.cl\/wp-content\/uploads\/2025\/05\/derecho-de-familia.png\" alt=\"\" srcset=\"https:\/\/vseabogados.cl\/wp-content\/uploads\/2025\/05\/derecho-de-familia.png 512w, https:\/\/vseabogados.cl\/wp-content\/uploads\/2025\/05\/derecho-de-familia-300x300.png 300w, https:\/\/vseabogados.cl\/wp-content\/uploads\/2025\/05\/derecho-de-familia-150x150.png 150w\" sizes=\"auto, (max-width: 512px) 100vw, 512px\" \/>\t\t\t\t\t\t\t\t\t\t\t\t\t\t\t<\/p>\n<h2>Derecho<br \/> de Familia<\/h2>\n<p>Custodia, divorcios, herencias y relaciones familiares.<\/p>\n<p>\t\t\t\t\t\t\t\t\t\t\t\t\t\t\t<img loading=\"lazy\" decoding=\"async\" width=\"512\" height=\"512\" src=\"https:\/\/vseabogados.cl\/wp-content\/uploads\/2025\/05\/derecho-laboral.png\" alt=\"\" srcset=\"https:\/\/vseabogados.cl\/wp-content\/uploads\/2025\/05\/derecho-laboral.png 512w, https:\/\/vseabogados.cl\/wp-content\/uploads\/2025\/05\/derecho-laboral-300x300.png 300w, https:\/\/vseabogados.cl\/wp-content\/uploads\/2025\/05\/derecho-laboral-150x150.png 150w\" sizes=\"auto, (max-width: 512px) 100vw, 512px\" \/>\t\t\t\t\t\t\t\t\t\t\t\t\t\t\t<\/p>\n<h2>Derecho<br \/> Laboral<\/h2>\n<p>Asesor\u00eda a empleadores y trabajadores en relaciones laborales.<\/p>\n<p>\t\t\t\t\t\t\t\t\t\t\t\t\t\t\t<img loading=\"lazy\" decoding=\"async\" width=\"512\" height=\"512\" src=\"https:\/\/vseabogados.cl\/wp-content\/uploads\/2025\/05\/derecho-corporativo.png\" alt=\"\" srcset=\"https:\/\/vseabogados.cl\/wp-content\/uploads\/2025\/05\/derecho-corporativo.png 512w, https:\/\/vseabogados.cl\/wp-content\/uploads\/2025\/05\/derecho-corporativo-300x300.png 300w, https:\/\/vseabogados.cl\/wp-content\/uploads\/2025\/05\/derecho-corporativo-150x150.png 150w\" sizes=\"auto, (max-width: 512px) 100vw, 512px\" \/>\t\t\t\t\t\t\t\t\t\t\t\t\t\t\t<\/p>\n<h2>Derecho<br \/> Corporativo<\/h2>\n<p>Estructuraci\u00f3n legal de empresas, fusiones y adquisiciones.<\/p>\n<p>\t\t\t\t\t\t\t\t\t\t\t\t\t\t\t<img loading=\"lazy\" decoding=\"async\" width=\"512\" height=\"512\" src=\"https:\/\/vseabogados.cl\/wp-content\/uploads\/2025\/05\/Derecho-comercial.png\" alt=\"\" srcset=\"https:\/\/vseabogados.cl\/wp-content\/uploads\/2025\/05\/Derecho-comercial.png 512w, https:\/\/vseabogados.cl\/wp-content\/uploads\/2025\/05\/Derecho-comercial-300x300.png 300w, https:\/\/vseabogados.cl\/wp-content\/uploads\/2025\/05\/Derecho-comercial-150x150.png 150w\" sizes=\"auto, (max-width: 512px) 100vw, 512px\" \/>\t\t\t\t\t\t\t\t\t\t\t\t\t\t\t<\/p>\n<h2>Derecho<br \/> Comercial<\/h2>\n<p>Contratos, sociedades, y actividad mercantil en general.<\/p>\n<p>\t\t\t\t\t\t\t\t\t\t\t\t\t\t\t<img loading=\"lazy\" decoding=\"async\" width=\"512\" height=\"512\" src=\"https:\/\/vseabogados.cl\/wp-content\/uploads\/2025\/05\/inversion-extranjera.png\" alt=\"\" srcset=\"https:\/\/vseabogados.cl\/wp-content\/uploads\/2025\/05\/inversion-extranjera.png 512w, https:\/\/vseabogados.cl\/wp-content\/uploads\/2025\/05\/inversion-extranjera-300x300.png 300w, https:\/\/vseabogados.cl\/wp-content\/uploads\/2025\/05\/inversion-extranjera-150x150.png 150w\" sizes=\"auto, (max-width: 512px) 100vw, 512px\" \/>\t\t\t\t\t\t\t\t\t\t\t\t\t\t\t<\/p>\n<h2>Inversi\u00f3n<br \/>Extranjera<\/h2>\n<p>Facilitamos procesos legales para inversionistas for\u00e1neos.<\/p>\n<p>\t\t\t\t\t\t\t\t\t\t\t\t\t\t\t<img loading=\"lazy\" decoding=\"async\" width=\"512\" height=\"512\" src=\"https:\/\/vseabogados.cl\/wp-content\/uploads\/2025\/05\/inmobiliaria.png\" alt=\"\" srcset=\"https:\/\/vseabogados.cl\/wp-content\/uploads\/2025\/05\/inmobiliaria.png 512w, https:\/\/vseabogados.cl\/wp-content\/uploads\/2025\/05\/inmobiliaria-300x300.png 300w, https:\/\/vseabogados.cl\/wp-content\/uploads\/2025\/05\/inmobiliaria-150x150.png 150w\" sizes=\"auto, (max-width: 512px) 100vw, 512px\" \/>\t\t\t\t\t\t\t\t\t\t\t\t\t\t\t<\/p>\n<h2>Inversi\u00f3n<br \/>Inmobiliaria<\/h2>\n<p>Seguridad jur\u00eddica en tus proyectos de inversi\u00f3n.<\/p>\n<h2>Tu Confianza, Nuestra Prioridad<\/h2>\n<h2>Relaciones duraderas con un<br \/> <br \/>\nenfoque 100% personalizado<\/h2>\n<p>\t\tNuestro estudio jur\u00eddico se caracteriza por una atenci\u00f3n profesional cercana, confiable y dedicada. Cada cliente es \u00fanico, y por eso nos involucramos a fondo para brindarte un acompa\u00f1amiento legal a la altura de tus expectativas.\t\t<\/p>\n<h2>01<\/h2>\n<h3>Compromiso<\/h3>\n<p>Un equipo de abogados comprometidos con sus clientes, sus problemas y desafios.<\/p>\n<h2>02<\/h2>\n<h3>Excelencia<\/h3>\n<p>Abogados con destacada y probada trayectoria dispuestos abrindarte toda la atencion que necesitas.<\/p>\n<h2>03<\/h2>\n<h3>Soluciones<\/h3>\n<p>Soluciones practicas a operaciones complejas<\/p>\n<p>\t\t\t\t\t\t\t\t\t\t\t\t\t\t\t<img loading=\"lazy\" decoding=\"async\" width=\"915\" height=\"1024\" src=\"https:\/\/vseabogados.cl\/wp-content\/uploads\/2025\/05\/Equipo-Librero-915x1024.jpg\" alt=\"\" srcset=\"https:\/\/vseabogados.cl\/wp-content\/uploads\/2025\/05\/Equipo-Librero-915x1024.jpg 915w, https:\/\/vseabogados.cl\/wp-content\/uploads\/2025\/05\/Equipo-Librero-268x300.jpg 268w, https:\/\/vseabogados.cl\/wp-content\/uploads\/2025\/05\/Equipo-Librero-768x859.jpg 768w, https:\/\/vseabogados.cl\/wp-content\/uploads\/2025\/05\/Equipo-Librero-1373x1536.jpg 1373w, https:\/\/vseabogados.cl\/wp-content\/uploads\/2025\/05\/Equipo-Librero-1830x2048.jpg 1830w\" sizes=\"auto, (max-width: 915px) 100vw, 915px\" \/>\t\t\t\t\t\t\t\t\t\t\t\t\t\t\t<\/p>\n<h2>Presencia Nacional, Visi\u00f3n Global<\/h2>\n<h2>Atendemos a clientes<br \/>\nchilenos y extranjeros<br \/>\nen todo el territorio nacional<\/h2>\n<p>Desde grandes grupos empresariales hasta personas naturales, hemos construido una s\u00f3lida reputaci\u00f3n gracias a d\u00e9cadas de trabajo serio y responsable. Nuestra experiencia abarca los sectores m\u00e1s importantes de la econom\u00eda chilena.<\/p>\n<h2>M\u00e1s que Abogados: Aliados Estrat\u00e9gicos<\/h2>\n<h2>Conoce nuestro equipo de trabajo<\/h2>\n<p>Los socios de VSE Abogados y los otros profesionales que integran nuestro equipo son personas destacadas en el \u00e1mbito profesional y comprometidas con los asuntos de nuestros clientes.<\/p>\n<h2>\n\t\t\t\t\t\tWaldo Violic\t\t\t\t\t<\/h2>\n<p>\t\t\t\t\t\tSocio<br \/>\n\t\t\t\t\t<a target=\"_blank\"><br \/>\n\t\t\t\t\t\tFacebook<br \/>\n\t\t\t\t\t\t<svg viewBox=\"0 0 512 512\" xmlns=\"http:\/\/www.w3.org\/2000\/svg\"><path d=\"M504 256C504 119 393 8 256 8S8 119 8 256c0 123.78 90.69 226.38 209.25 245V327.69h-63V256h63v-54.64c0-62.15 37-96.48 93.67-96.48 27.14 0 55.52 4.84 55.52 4.84v61h-31.28c-30.8 0-40.41 19.12-40.41 38.73V256h68.78l-11 71.69h-57.78V501C413.31 482.38 504 379.78 504 256z\"><\/path><\/svg>\t\t\t\t\t<\/a><br \/>\n\t\t\t\t\t<a target=\"_blank\"><br \/>\n\t\t\t\t\t\tLinkedin<br \/>\n\t\t\t\t\t\t<svg viewBox=\"0 0 448 512\" xmlns=\"http:\/\/www.w3.org\/2000\/svg\"><path d=\"M416 32H31.9C14.3 32 0 46.5 0 64.3v383.4C0 465.5 14.3 480 31.9 480H416c17.6 0 32-14.5 32-32.3V64.3c0-17.8-14.4-32.3-32-32.3zM135.4 416H69V202.2h66.5V416zm-33.2-243c-21.3 0-38.5-17.3-38.5-38.5S80.9 96 102.2 96c21.2 0 38.5 17.3 38.5 38.5 0 21.3-17.2 38.5-38.5 38.5zm282.1 243h-66.4V312c0-24.8-.5-56.7-34.5-56.7-34.6 0-39.9 27-39.9 54.9V416h-66.4V202.2h63.7v29.2h.9c8.9-16.8 30.6-34.5 62.9-34.5 67.2 0 79.7 44.3 79.7 101.9V416z\"><\/path><\/svg>\t\t\t\t\t<\/a><\/p>\n<h2>\n\t\t\t\t\t\tJaviera Erazo\t\t\t\t\t<\/h2>\n<p>\t\t\t\t\t\tSocio<br \/>\n\t\t\t\t\t<a target=\"_blank\"><br \/>\n\t\t\t\t\t\tFacebook<br \/>\n\t\t\t\t\t\t<svg viewBox=\"0 0 512 512\" xmlns=\"http:\/\/www.w3.org\/2000\/svg\"><path d=\"M504 256C504 119 393 8 256 8S8 119 8 256c0 123.78 90.69 226.38 209.25 245V327.69h-63V256h63v-54.64c0-62.15 37-96.48 93.67-96.48 27.14 0 55.52 4.84 55.52 4.84v61h-31.28c-30.8 0-40.41 19.12-40.41 38.73V256h68.78l-11 71.69h-57.78V501C413.31 482.38 504 379.78 504 256z\"><\/path><\/svg>\t\t\t\t\t<\/a><br \/>\n\t\t\t\t\t<a target=\"_blank\"><br \/>\n\t\t\t\t\t\tLinkedin<br \/>\n\t\t\t\t\t\t<svg viewBox=\"0 0 448 512\" xmlns=\"http:\/\/www.w3.org\/2000\/svg\"><path d=\"M416 32H31.9C14.3 32 0 46.5 0 64.3v383.4C0 465.5 14.3 480 31.9 480H416c17.6 0 32-14.5 32-32.3V64.3c0-17.8-14.4-32.3-32-32.3zM135.4 416H69V202.2h66.5V416zm-33.2-243c-21.3 0-38.5-17.3-38.5-38.5S80.9 96 102.2 96c21.2 0 38.5 17.3 38.5 38.5 0 21.3-17.2 38.5-38.5 38.5zm282.1 243h-66.4V312c0-24.8-.5-56.7-34.5-56.7-34.6 0-39.9 27-39.9 54.9V416h-66.4V202.2h63.7v29.2h.9c8.9-16.8 30.6-34.5 62.9-34.5 67.2 0 79.7 44.3 79.7 101.9V416z\"><\/path><\/svg>\t\t\t\t\t<\/a><\/p>\n<h2>\n\t\t\t\t\t\tGabriel Salazar\t\t\t\t\t<\/h2>\n<p>\t\t\t\t\t\tSocio<br \/>\n\t\t\t\t\t<a target=\"_blank\"><br \/>\n\t\t\t\t\t\tFacebook<br \/>\n\t\t\t\t\t\t<svg viewBox=\"0 0 512 512\" xmlns=\"http:\/\/www.w3.org\/2000\/svg\"><path d=\"M504 256C504 119 393 8 256 8S8 119 8 256c0 123.78 90.69 226.38 209.25 245V327.69h-63V256h63v-54.64c0-62.15 37-96.48 93.67-96.48 27.14 0 55.52 4.84 55.52 4.84v61h-31.28c-30.8 0-40.41 19.12-40.41 38.73V256h68.78l-11 71.69h-57.78V501C413.31 482.38 504 379.78 504 256z\"><\/path><\/svg>\t\t\t\t\t<\/a><br \/>\n\t\t\t\t\t<a target=\"_blank\"><br \/>\n\t\t\t\t\t\tLinkedin<br \/>\n\t\t\t\t\t\t<svg viewBox=\"0 0 448 512\" xmlns=\"http:\/\/www.w3.org\/2000\/svg\"><path d=\"M416 32H31.9C14.3 32 0 46.5 0 64.3v383.4C0 465.5 14.3 480 31.9 480H416c17.6 0 32-14.5 32-32.3V64.3c0-17.8-14.4-32.3-32-32.3zM135.4 416H69V202.2h66.5V416zm-33.2-243c-21.3 0-38.5-17.3-38.5-38.5S80.9 96 102.2 96c21.2 0 38.5 17.3 38.5 38.5 0 21.3-17.2 38.5-38.5 38.5zm282.1 243h-66.4V312c0-24.8-.5-56.7-34.5-56.7-34.6 0-39.9 27-39.9 54.9V416h-66.4V202.2h63.7v29.2h.9c8.9-16.8 30.6-34.5 62.9-34.5 67.2 0 79.7 44.3 79.7 101.9V416z\"><\/path><\/svg>\t\t\t\t\t<\/a><\/p>\n<h2>\n\t\t\t\t\t\tMatias Bauer\t\t\t\t\t<\/h2>\n<p>\t\t\t\t\t\tAbogado<br \/>\n\t\t\t\t\t<a target=\"_blank\"><br \/>\n\t\t\t\t\t\tFacebook<br \/>\n\t\t\t\t\t\t<svg viewBox=\"0 0 512 512\" xmlns=\"http:\/\/www.w3.org\/2000\/svg\"><path d=\"M504 256C504 119 393 8 256 8S8 119 8 256c0 123.78 90.69 226.38 209.25 245V327.69h-63V256h63v-54.64c0-62.15 37-96.48 93.67-96.48 27.14 0 55.52 4.84 55.52 4.84v61h-31.28c-30.8 0-40.41 19.12-40.41 38.73V256h68.78l-11 71.69h-57.78V501C413.31 482.38 504 379.78 504 256z\"><\/path><\/svg>\t\t\t\t\t<\/a><br \/>\n\t\t\t\t\t<a target=\"_blank\"><br \/>\n\t\t\t\t\t\tLinkedin<br \/>\n\t\t\t\t\t\t<svg viewBox=\"0 0 448 512\" xmlns=\"http:\/\/www.w3.org\/2000\/svg\"><path d=\"M416 32H31.9C14.3 32 0 46.5 0 64.3v383.4C0 465.5 14.3 480 31.9 480H416c17.6 0 32-14.5 32-32.3V64.3c0-17.8-14.4-32.3-32-32.3zM135.4 416H69V202.2h66.5V416zm-33.2-243c-21.3 0-38.5-17.3-38.5-38.5S80.9 96 102.2 96c21.2 0 38.5 17.3 38.5 38.5 0 21.3-17.2 38.5-38.5 38.5zm282.1 243h-66.4V312c0-24.8-.5-56.7-34.5-56.7-34.6 0-39.9 27-39.9 54.9V416h-66.4V202.2h63.7v29.2h.9c8.9-16.8 30.6-34.5 62.9-34.5 67.2 0 79.7 44.3 79.7 101.9V416z\"><\/path><\/svg>\t\t\t\t\t<\/a><br \/>\n\t\t\t\t\t<a href=\"#\"><br \/>\n\t\t\t\t\t\t\t\t\tVER TODO EL EQUIPO<br \/>\n\t\t\t\t\t<\/a><\/p>\n<h2>M\u00e1s que Abogados: Aliados Estrat\u00e9gicos<\/h2>\n<h2>Conoce nuestro equipo de trabajo<\/h2>\n<p>Los socios de VSE Abogados y los otros profesionales que integran nuestro equipo son personas destacadas en el \u00e1mbito profesional y comprometidas con los asuntos de nuestros clientes.<\/p>\n<h2>\n\t\t\t\t\t\tWaldo Violic\t\t\t\t\t<\/h2>\n<p>\t\t\t\t\t\tSocio<br \/>\n\t\t\t\t\t<a target=\"_blank\"><br \/>\n\t\t\t\t\t\tFacebook<br \/>\n\t\t\t\t\t\t<svg viewBox=\"0 0 512 512\" xmlns=\"http:\/\/www.w3.org\/2000\/svg\"><path d=\"M504 256C504 119 393 8 256 8S8 119 8 256c0 123.78 90.69 226.38 209.25 245V327.69h-63V256h63v-54.64c0-62.15 37-96.48 93.67-96.48 27.14 0 55.52 4.84 55.52 4.84v61h-31.28c-30.8 0-40.41 19.12-40.41 38.73V256h68.78l-11 71.69h-57.78V501C413.31 482.38 504 379.78 504 256z\"><\/path><\/svg>\t\t\t\t\t<\/a><br \/>\n\t\t\t\t\t<a target=\"_blank\"><br \/>\n\t\t\t\t\t\tLinkedin<br \/>\n\t\t\t\t\t\t<svg viewBox=\"0 0 448 512\" xmlns=\"http:\/\/www.w3.org\/2000\/svg\"><path d=\"M416 32H31.9C14.3 32 0 46.5 0 64.3v383.4C0 465.5 14.3 480 31.9 480H416c17.6 0 32-14.5 32-32.3V64.3c0-17.8-14.4-32.3-32-32.3zM135.4 416H69V202.2h66.5V416zm-33.2-243c-21.3 0-38.5-17.3-38.5-38.5S80.9 96 102.2 96c21.2 0 38.5 17.3 38.5 38.5 0 21.3-17.2 38.5-38.5 38.5zm282.1 243h-66.4V312c0-24.8-.5-56.7-34.5-56.7-34.6 0-39.9 27-39.9 54.9V416h-66.4V202.2h63.7v29.2h.9c8.9-16.8 30.6-34.5 62.9-34.5 67.2 0 79.7 44.3 79.7 101.9V416z\"><\/path><\/svg>\t\t\t\t\t<\/a><\/p>\n<h2>\n\t\t\t\t\t\tGabriel Salazar\t\t\t\t\t<\/h2>\n<p>\t\t\t\t\t\tSocio<br \/>\n\t\t\t\t\t<a target=\"_blank\"><br \/>\n\t\t\t\t\t\tFacebook<br \/>\n\t\t\t\t\t\t<svg viewBox=\"0 0 512 512\" xmlns=\"http:\/\/www.w3.org\/2000\/svg\"><path d=\"M504 256C504 119 393 8 256 8S8 119 8 256c0 123.78 90.69 226.38 209.25 245V327.69h-63V256h63v-54.64c0-62.15 37-96.48 93.67-96.48 27.14 0 55.52 4.84 55.52 4.84v61h-31.28c-30.8 0-40.41 19.12-40.41 38.73V256h68.78l-11 71.69h-57.78V501C413.31 482.38 504 379.78 504 256z\"><\/path><\/svg>\t\t\t\t\t<\/a><br \/>\n\t\t\t\t\t<a target=\"_blank\"><br \/>\n\t\t\t\t\t\tLinkedin<br \/>\n\t\t\t\t\t\t<svg viewBox=\"0 0 448 512\" xmlns=\"http:\/\/www.w3.org\/2000\/svg\"><path d=\"M416 32H31.9C14.3 32 0 46.5 0 64.3v383.4C0 465.5 14.3 480 31.9 480H416c17.6 0 32-14.5 32-32.3V64.3c0-17.8-14.4-32.3-32-32.3zM135.4 416H69V202.2h66.5V416zm-33.2-243c-21.3 0-38.5-17.3-38.5-38.5S80.9 96 102.2 96c21.2 0 38.5 17.3 38.5 38.5 0 21.3-17.2 38.5-38.5 38.5zm282.1 243h-66.4V312c0-24.8-.5-56.7-34.5-56.7-34.6 0-39.9 27-39.9 54.9V416h-66.4V202.2h63.7v29.2h.9c8.9-16.8 30.6-34.5 62.9-34.5 67.2 0 79.7 44.3 79.7 101.9V416z\"><\/path><\/svg>\t\t\t\t\t<\/a><\/p>\n<h2>\n\t\t\t\t\t\tJaviera Erazo\t\t\t\t\t<\/h2>\n<p>\t\t\t\t\t\tSocia<br \/>\n\t\t\t\t\t<a target=\"_blank\"><br \/>\n\t\t\t\t\t\tFacebook<br \/>\n\t\t\t\t\t\t<svg viewBox=\"0 0 512 512\" xmlns=\"http:\/\/www.w3.org\/2000\/svg\"><path d=\"M504 256C504 119 393 8 256 8S8 119 8 256c0 123.78 90.69 226.38 209.25 245V327.69h-63V256h63v-54.64c0-62.15 37-96.48 93.67-96.48 27.14 0 55.52 4.84 55.52 4.84v61h-31.28c-30.8 0-40.41 19.12-40.41 38.73V256h68.78l-11 71.69h-57.78V501C413.31 482.38 504 379.78 504 256z\"><\/path><\/svg>\t\t\t\t\t<\/a><br \/>\n\t\t\t\t\t<a href=\"#\"><br \/>\n\t\t\t\t\t\t\t\t\tVER TODO EL EQUIPO<br \/>\n\t\t\t\t\t<\/a><\/p>\n<h2>Contacto<\/h2>\n<p>\t\tEst\u00e1s a un mensaje de obtener la ayuda que necesitas, no dudes en contactarnos.\t\t<\/p>\n<ul>\n<li>\n\t\t\t\t\t\t\t<svg aria-hidden=\"true\" viewBox=\"0 0 384 512\" xmlns=\"http:\/\/www.w3.org\/2000\/svg\"><path d=\"M172.268 501.67C26.97 291.031 0 269.413 0 192 0 85.961 85.961 0 192 0s192 85.961 192 192c0 77.413-26.97 99.031-172.268 309.67-9.535 13.774-29.93 13.773-39.464 0zM192 272c44.183 0 80-35.817 80-80s-35.817-80-80-80-80 35.817-80 80 35.817 80 80 80z\"><\/path><\/svg><br \/>\n\t\t\t\t\t\t\t\t\t\tAv. Presidente Keneddy 7900 Of. 402 <br \/> Vitacura &#8211; Regi\u00f3n Metropolitana\n\t\t\t\t\t\t\t\t\t<\/li>\n<li>\n\t\t\t\t\t\t\t<svg aria-hidden=\"true\" viewBox=\"0 0 448 512\" xmlns=\"http:\/\/www.w3.org\/2000\/svg\"><path d=\"M224 122.8c-72.7 0-131.8 59.1-131.9 131.8 0 24.9 7 49.2 20.2 70.1l3.1 5-13.3 48.6 49.9-13.1 4.8 2.9c20.2 12 43.4 18.4 67.1 18.4h.1c72.6 0 133.3-59.1 133.3-131.8 0-35.2-15.2-68.3-40.1-93.2-25-25-58-38.7-93.2-38.7zm77.5 188.4c-3.3 9.3-19.1 17.7-26.7 18.8-12.6 1.9-22.4.9-47.5-9.9-39.7-17.2-65.7-57.2-67.7-59.8-2-2.6-16.2-21.5-16.2-41s10.2-29.1 13.9-33.1c3.6-4 7.9-5 10.6-5 2.6 0 5.3 0 7.6.1 2.4.1 5.7-.9 8.9 6.8 3.3 7.9 11.2 27.4 12.2 29.4s1.7 4.3.3 6.9c-7.6 15.2-15.7 14.6-11.6 21.6 15.3 26.3 30.6 35.4 53.9 47.1 4 2 6.3 1.7 8.6-1 2.3-2.6 9.9-11.6 12.5-15.5 2.6-4 5.3-3.3 8.9-2 3.6 1.3 23.1 10.9 27.1 12.9s6.6 3 7.6 4.6c.9 1.9.9 9.9-2.4 19.1zM400 32H48C21.5 32 0 53.5 0 80v352c0 26.5 21.5 48 48 48h352c26.5 0 48-21.5 48-48V80c0-26.5-21.5-48-48-48zM223.9 413.2c-26.6 0-52.7-6.7-75.8-19.3L64 416l22.5-82.2c-13.9-24-21.2-51.3-21.2-79.3C65.4 167.1 136.5 96 223.9 96c42.4 0 82.2 16.5 112.2 46.5 29.9 30 47.9 69.8 47.9 112.2 0 87.4-72.7 158.5-160.1 158.5z\"><\/path><\/svg><br \/>\n\t\t\t\t\t\t\t\t\t\t+56 2 2671 4810\n\t\t\t\t\t\t\t\t\t<\/li>\n<\/ul>\n<p>\t\t\t<iframe loading=\"lazy\"\n\t\t\t\t\tsrc=\"https:\/\/maps.google.com\/maps?q=Av%20Presidente%20Keneddy%207900&#038;t=m&#038;z=15&#038;output=embed&#038;iwloc=near\"\n\t\t\t\t\ttitle=\"Av Presidente Keneddy 7900\"\n\t\t\t\t\taria-label=\"Av Presidente Keneddy 7900\"\n\t\t\t><\/iframe><br \/>\n\t\t\t\t\t\t\t\t\t\t\t\t\t\t\t<img loading=\"lazy\" decoding=\"async\" width=\"382\" height=\"318\" src=\"https:\/\/vseabogados.cl\/wp-content\/uploads\/2025\/05\/logo_vse_abogados.png\" alt=\"\" srcset=\"https:\/\/vseabogados.cl\/wp-content\/uploads\/2025\/05\/logo_vse_abogados.png 382w, https:\/\/vseabogados.cl\/wp-content\/uploads\/2025\/05\/logo_vse_abogados-300x250.png 300w\" sizes=\"auto, (max-width: 382px) 100vw, 382px\" \/>\t\t\t\t\t\t\t\t\t\t\t\t\t\t\t<\/p>\n<h2>Nosotros<\/h2>\n<p>\t\tNuestro estudio jur\u00eddico cuenta con profesionales especializados, que ofrecen la mayor disponibilidad y actitud para solucionar \u00e1gilmente cualquier inquietud y problema de nuestros clientes.\t\t<\/p>\n<h2>Direcci\u00f3n<\/h2>\n<ul>\n<li>\n\t\t\t\t\t\t\t<svg aria-hidden=\"true\" viewBox=\"0 0 384 512\" xmlns=\"http:\/\/www.w3.org\/2000\/svg\"><path d=\"M172.268 501.67C26.97 291.031 0 269.413 0 192 0 85.961 85.961 0 192 0s192 85.961 192 192c0 77.413-26.97 99.031-172.268 309.67-9.535 13.774-29.93 13.773-39.464 0zM192 272c44.183 0 80-35.817 80-80s-35.817-80-80-80-80 35.817-80 80 35.817 80 80 80z\"><\/path><\/svg><br \/>\n\t\t\t\t\t\t\t\t\t\tAv. Presidente Kennedy 7900 Of. 402<br \/>Vitacura &#8211; <strong>Regi\u00f3n Metropolitana<\/strong>\n\t\t\t\t\t\t\t\t\t<\/li>\n<li>\n\t\t\t\t\t\t\t<svg aria-hidden=\"true\" viewBox=\"0 0 448 512\" xmlns=\"http:\/\/www.w3.org\/2000\/svg\"><path d=\"M224 122.8c-72.7 0-131.8 59.1-131.9 131.8 0 24.9 7 49.2 20.2 70.1l3.1 5-13.3 48.6 49.9-13.1 4.8 2.9c20.2 12 43.4 18.4 67.1 18.4h.1c72.6 0 133.3-59.1 133.3-131.8 0-35.2-15.2-68.3-40.1-93.2-25-25-58-38.7-93.2-38.7zm77.5 188.4c-3.3 9.3-19.1 17.7-26.7 18.8-12.6 1.9-22.4.9-47.5-9.9-39.7-17.2-65.7-57.2-67.7-59.8-2-2.6-16.2-21.5-16.2-41s10.2-29.1 13.9-33.1c3.6-4 7.9-5 10.6-5 2.6 0 5.3 0 7.6.1 2.4.1 5.7-.9 8.9 6.8 3.3 7.9 11.2 27.4 12.2 29.4s1.7 4.3.3 6.9c-7.6 15.2-15.7 14.6-11.6 21.6 15.3 26.3 30.6 35.4 53.9 47.1 4 2 6.3 1.7 8.6-1 2.3-2.6 9.9-11.6 12.5-15.5 2.6-4 5.3-3.3 8.9-2 3.6 1.3 23.1 10.9 27.1 12.9s6.6 3 7.6 4.6c.9 1.9.9 9.9-2.4 19.1zM400 32H48C21.5 32 0 53.5 0 80v352c0 26.5 21.5 48 48 48h352c26.5 0 48-21.5 48-48V80c0-26.5-21.5-48-48-48zM223.9 413.2c-26.6 0-52.7-6.7-75.8-19.3L64 416l22.5-82.2c-13.9-24-21.2-51.3-21.2-79.3C65.4 167.1 136.5 96 223.9 96c42.4 0 82.2 16.5 112.2 46.5 29.9 30 47.9 69.8 47.9 112.2 0 87.4-72.7 158.5-160.1 158.5z\"><\/path><\/svg><br \/>\n\t\t\t\t\t\t\t\t\t\t+56 2 2671 4810\n\t\t\t\t\t\t\t\t\t<\/li>\n<\/ul>\n<p>Dise\u00f1ado por <a style=\"color: #ffcc00;\" href=\"https:\/\/imdigrafic.cl\"><b>IMDIGRAFIC.CL<\/b><\/a> \/ Todos los Derechos Reservados<\/p>\n","protected":false},"excerpt":{"rendered":"<p>Asesor\u00eda Legal Integral en todo Chile Representamos a personas y empresas, nacionales y extranjeras, con compromiso y excelencia. Proteger tus inter\u00e9ses es nuestro objetivo Somos un grupo s\u00f3lido de abogados experimentados y con un gran trayectoria en distintas \u00e1reas del derecho, quienes dan servicios a nivel personal y empresarial soluciones pr\u00e1cticas Comprometidos con tu tranquilidad [&hellip;]<\/p>\n","protected":false},"author":1,"featured_media":0,"parent":0,"menu_order":0,"comment_status":"closed","ping_status":"closed","template":"elementor_header_footer","meta":{"footnotes":""},"class_list":["post-40","page","type-page","status-publish","hentry"],"_links":{"self":[{"href":"https:\/\/vseabogados.cl\/index.php\/wp-json\/wp\/v2\/pages\/40","targetHints":{"allow":["GET"]}}],"collection":[{"href":"https:\/\/vseabogados.cl\/index.php\/wp-json\/wp\/v2\/pages"}],"about":[{"href":"https:\/\/vseabogados.cl\/index.php\/wp-json\/wp\/v2\/types\/page"}],"author":[{"embeddable":true,"href":"https:\/\/vseabogados.cl\/index.php\/wp-json\/wp\/v2\/users\/1"}],"replies":[{"embeddable":true,"href":"https:\/\/vseabogados.cl\/index.php\/wp-json\/wp\/v2\/comments?post=40"}],"version-history":[{"count":146,"href":"https:\/\/vseabogados.cl\/index.php\/wp-json\/wp\/v2\/pages\/40\/revisions"}],"predecessor-version":[{"id":253,"href":"https:\/\/vseabogados.cl\/index.php\/wp-json\/wp\/v2\/pages\/40\/revisions\/253"}],"wp:attachment":[{"href":"https:\/\/vseabogados.cl\/index.php\/wp-json\/wp\/v2\/media?parent=40"}],"curies":[{"name":"wp","href":"https:\/\/api.w.org\/{rel}","templated":true}]}}